{"id":73,"date":"2014-07-08T02:16:08","date_gmt":"2014-07-08T02:16:08","guid":{"rendered":"http:\/\/gomeral.org.br\/?page_id=73"},"modified":"2015-06-29T01:14:32","modified_gmt":"2015-06-29T01:14:32","slug":"monitoria-de-trilhas-senac","status":"publish","type":"page","link":"https:\/\/gomeral.org.br\/?page_id=73","title":{"rendered":"Monitoria de Trilhas do Gomeral"},"content":{"rendered":"<div id=\"attachment_136\" style=\"width: 730px\" class=\"wp-caption alignnone\"><a href=\"http:\/\/gomeral.org.br\/wp-content\/uploads\/2014\/07\/Monitoria-de-Trilhas-do-Gomeral.jpg\"><img aria-describedby=\"caption-attachment-136\" decoding=\"async\" loading=\"lazy\" class=\"size-full wp-image-136\" src=\"http:\/\/gomeral.org.br\/wp-content\/uploads\/2014\/07\/Monitoria-de-Trilhas-do-Gomeral.jpg\" alt=\"1\u00ba Semin\u00e1rio de Monitoria de Trilhas do Gomeral - 2013\" width=\"720\" height=\"540\" srcset=\"https:\/\/gomeral.org.br\/wp-content\/uploads\/2014\/07\/Monitoria-de-Trilhas-do-Gomeral.jpg 720w, https:\/\/gomeral.org.br\/wp-content\/uploads\/2014\/07\/Monitoria-de-Trilhas-do-Gomeral-300x225.jpg 300w\" sizes=\"(max-width: 720px) 100vw, 720px\" \/><\/a><p id=\"caption-attachment-136\" class=\"wp-caption-text\">1\u00ba Semin\u00e1rio de Monitoria de Trilhas do Gomeral &#8211; 2013<\/p><\/div>\n<p>&nbsp;<\/p>\n<p>&nbsp;<\/p>\n<p>&nbsp;<\/p>\n<div id=\"attachment_138\" style=\"width: 730px\" class=\"wp-caption alignnone\"><a href=\"http:\/\/gomeral.org.br\/wp-content\/uploads\/2014\/07\/Monitoria-de-Trilhas-do-Gomeral-2.jpg\"><img aria-describedby=\"caption-attachment-138\" decoding=\"async\" loading=\"lazy\" class=\"wp-image-138\" src=\"http:\/\/gomeral.org.br\/wp-content\/uploads\/2014\/07\/Monitoria-de-Trilhas-do-Gomeral-2-1024x768.jpg\" alt=\"1\u00ba Semin\u00e1rio de Monitoria de Trilhas do Gomeral - Reuni\u00e3o de Trabalho\" width=\"720\" height=\"540\" srcset=\"https:\/\/gomeral.org.br\/wp-content\/uploads\/2014\/07\/Monitoria-de-Trilhas-do-Gomeral-2-1024x768.jpg 1024w, https:\/\/gomeral.org.br\/wp-content\/uploads\/2014\/07\/Monitoria-de-Trilhas-do-Gomeral-2-300x225.jpg 300w, https:\/\/gomeral.org.br\/wp-content\/uploads\/2014\/07\/Monitoria-de-Trilhas-do-Gomeral-2.jpg 2048w\" sizes=\"(max-width: 720px) 100vw, 720px\" \/><\/a><p id=\"caption-attachment-138\" class=\"wp-caption-text\">1\u00ba Semin\u00e1rio de Monitoria de Trilhas do Gomeral &#8211; Reuni\u00e3o de Trabalho<\/p><\/div>\n<p style=\"text-align: justify;\"><span style=\"color: #141823;\">O primeiro curso de Monitores Ambientais do Gomeral foi realizado em 1999, por iniciativa da parceria entre a AAG e a ONG Instituto Econ\u2019viv\u00eancia, com o apoio t\u00e9cnico da Funda\u00e7\u00e3o Florestal.<\/span><br style=\"color: #141823;\" \/><br style=\"color: #141823;\" \/><span style=\"color: #141823;\">Em 2006 um grupo de 68 moradores de Guaratinguet\u00e1, a maioria residente no bairro rural do Gomeral, foi certificado pela participa<\/span><span class=\"text_exposed_show\" style=\"color: #141823;\">\u00e7\u00e3o em cursos e oficinas promovidos pelo projeto \u201cEcoturismo e Educa\u00e7\u00e3o Ambiental na Microbacia do Gomeral\u201d, coordenado pela Funda\u00e7\u00e3o Florestal \u2013 FF. Na ocasi\u00e3o, 16 novos monitores ambientais formados pelo projeto tamb\u00e9m receberam suas credenciais.<\/span><\/p>\n<p>Visando resgatar as diretrizes destes projetos, a AAG Gomeral convidou moradores, propriet\u00e1rios, monitores ambientais, frequentadores, poder p\u00fablico municipal, COMTUR, SENAC &#8211; Guaratinguet\u00e1, OAB-Guaratinguet\u00e1, APA da Serra da Mantiqueira e Funda\u00e7\u00e3o Florestal do Estado de S\u00e3o Paulo para 1\u00ba SEMIN\u00c1RIO &#8211; MONITORIA DE TRILHAS DO GOMERAL que realizou-se no bairro do Gomeral na sede desta associa\u00e7\u00e3o no dia 17 de mar\u00e7o de 2013.<\/p>\n<p>&nbsp;<\/p>\n<p>&nbsp;<\/p>\n","protected":false},"excerpt":{"rendered":"<p>&nbsp; &nbsp; &nbsp; O primeiro curso de Monitores Ambientais do Gomeral foi realizado em 1999, por iniciativa da parceria entre a AAG e a ONG Instituto Econ\u2019viv\u00eancia, com o apoio t\u00e9cnico da Funda\u00e7\u00e3o Florestal.Em 2006 um grupo de 68 moradores de Guaratinguet\u00e1, a maioria residente no bairro rural do Gomeral, foi certificado pela participa\u00e7\u00e3o em [&hellip;]<\/p>\n","protected":false},"author":1,"featured_media":0,"parent":69,"menu_order":0,"comment_status":"closed","ping_status":"closed","template":"","meta":[],"_links":{"self":[{"href":"https:\/\/gomeral.org.br\/index.php?rest_route=\/wp\/v2\/pages\/73"}],"collection":[{"href":"https:\/\/gomeral.org.br\/index.php?rest_route=\/wp\/v2\/pages"}],"about":[{"href":"https:\/\/gomeral.org.br\/index.php?rest_route=\/wp\/v2\/types\/page"}],"author":[{"embeddable":true,"href":"https:\/\/gomeral.org.br\/index.php?rest_route=\/wp\/v2\/users\/1"}],"replies":[{"embeddable":true,"href":"https:\/\/gomeral.org.br\/index.php?rest_route=%2Fwp%2Fv2%2Fcomments&post=73"}],"version-history":[{"count":3,"href":"https:\/\/gomeral.org.br\/index.php?rest_route=\/wp\/v2\/pages\/73\/revisions"}],"predecessor-version":[{"id":140,"href":"https:\/\/gomeral.org.br\/index.php?rest_route=\/wp\/v2\/pages\/73\/revisions\/140"}],"up":[{"embeddable":true,"href":"https:\/\/gomeral.org.br\/index.php?rest_route=\/wp\/v2\/pages\/69"}],"wp:attachment":[{"href":"https:\/\/gomeral.org.br\/index.php?rest_route=%2Fwp%2Fv2%2Fmedia&parent=73"}],"curies":[{"name":"wp","href":"https:\/\/api.w.org\/{rel}","templated":true}]}}