{"id":71,"date":"2014-07-08T02:14:18","date_gmt":"2014-07-08T02:14:18","guid":{"rendered":"http:\/\/gomeral.org.br\/?page_id=71"},"modified":"2015-06-29T01:13:15","modified_gmt":"2015-06-29T01:13:15","slug":"empreender-no-turismo-nucleo-pedrinhagomeral-acegsebrae","status":"publish","type":"page","link":"https:\/\/gomeral.org.br\/?page_id=71","title":{"rendered":"Empreender no Turismo &#8211; ACEG\/SEBRAE"},"content":{"rendered":"<div id=\"attachment_141\" style=\"width: 730px\" class=\"wp-caption alignnone\"><a href=\"http:\/\/gomeral.org.br\/wp-content\/uploads\/2014\/07\/Programa-empreender-no-turismo.jpg\"><img aria-describedby=\"caption-attachment-141\" decoding=\"async\" loading=\"lazy\" class=\"size-full wp-image-141\" src=\"http:\/\/gomeral.org.br\/wp-content\/uploads\/2014\/07\/Programa-empreender-no-turismo.jpg\" alt=\"Reuni\u00e3o de lan\u00e7amento do Programa Empreender no Turismo.\" width=\"720\" height=\"540\" srcset=\"https:\/\/gomeral.org.br\/wp-content\/uploads\/2014\/07\/Programa-empreender-no-turismo.jpg 720w, https:\/\/gomeral.org.br\/wp-content\/uploads\/2014\/07\/Programa-empreender-no-turismo-300x225.jpg 300w\" sizes=\"(max-width: 720px) 100vw, 720px\" \/><\/a><p id=\"caption-attachment-141\" class=\"wp-caption-text\">Reuni\u00e3o de lan\u00e7amento do Programa Empreender no Turismo.<\/p><\/div>\n<div id=\"attachment_143\" style=\"width: 970px\" class=\"wp-caption alignnone\"><a href=\"http:\/\/gomeral.org.br\/wp-content\/uploads\/2014\/07\/10388649_663281707097919_2780060666300256471_n.jpg\"><img aria-describedby=\"caption-attachment-143\" decoding=\"async\" loading=\"lazy\" class=\"size-full wp-image-143\" src=\"http:\/\/gomeral.org.br\/wp-content\/uploads\/2014\/07\/10388649_663281707097919_2780060666300256471_n.jpg\" alt=\"Reuni\u00e3o de Trabalho do Programa Empreender - N\u00facleo Pedrinha \/ Gomeral\" width=\"960\" height=\"540\" srcset=\"https:\/\/gomeral.org.br\/wp-content\/uploads\/2014\/07\/10388649_663281707097919_2780060666300256471_n.jpg 960w, https:\/\/gomeral.org.br\/wp-content\/uploads\/2014\/07\/10388649_663281707097919_2780060666300256471_n-300x168.jpg 300w\" sizes=\"(max-width: 960px) 100vw, 960px\" \/><\/a><p id=\"caption-attachment-143\" class=\"wp-caption-text\">Reuni\u00e3o de Trabalho do Programa Empreender &#8211; N\u00facleo Pedrinha \/ Gomeral<\/p><\/div>\n<p style=\"text-align: justify;\"><span style=\"color: #141823;\">O Programa Empreender surgiu de uma parceria entre a CACB, o SEBRAE e a Associa\u00e7\u00e3o Comercial e Empresarial de Guaratinguet\u00e1.<\/span><br style=\"color: #141823;\" \/><span style=\"color: #141823;\">O objetivo do programa \u00e9 apoiar os micro e pequenos empres\u00e1rios. \u00a0<\/span><span style=\"color: #141823;\">Seu m\u00e9todo consiste na cria\u00e7\u00e3o e organiza\u00e7\u00e3o de grupos de empres\u00e1rios pertencentes a um mesmo segmento de mercado. Esses grupos s\u00e3o denominados N\u00facleos Setoriais.\u00a0<\/span><span style=\"color: #141823;\">Cada n\u00facleo realiza reuni\u00f5es peri\u00f3dicas onde\u00a0<\/span><span class=\"text_exposed_show\" style=\"color: #141823;\">s\u00e3o desenvolvidas a\u00e7\u00f5es conjuntas com os empres\u00e1rios, a fim de atingir objetivos comuns.<br \/>\nO programa conta com um consultor que atua como moderador do grupo.\u00a0O programa inclui a utiliza\u00e7\u00e3o de uma metodologia espec\u00edfica que pode ser utilizada tanto para modera\u00e7\u00e3o de trabalhos em grupo como para planejamento e solu\u00e7\u00e3o de problemas.<\/span><\/p>\n<p><span class=\"text_exposed_show\" style=\"color: #141823;\"><br \/>\nPara conhecer mais sobre o Programa Empreender Guaratinguet\u00e1 entre em contato:<br \/>\nE-mail: empreender@aceguaratingueta.co<wbr \/>m.br<br \/>\nTelefone:\u00a0<span id=\"skype_c2c_container\" class=\"skype_c2c_container notranslate\" dir=\"ltr\" style=\"color: #00affd !important;\" tabindex=\"-1\" data-numbertocall=\"+551231282200\" data-isfreecall=\"false\" data-isrtl=\"false\" data-ismobile=\"false\"><span class=\"skype_c2c_highlighting_inactive_common\" dir=\"ltr\"><span id=\"non_free_num_ui\" class=\"skype_c2c_textarea_span\"><img decoding=\"async\" loading=\"lazy\" class=\"skype_c2c_logo_img\" src=\"chrome-extension:\/\/lifbcibllhkdhoafpjfnlhfpfgnpldfl\/call_skype_logo.png\" alt=\"\" width=\"0\" height=\"0\" \/><span class=\"skype_c2c_text_span\">(12) 3128 \u2013 2200<\/span><\/span><\/span><\/span><br \/>\nOu fa\u00e7a-nos uma visita:<br \/>\nAssocia\u00e7\u00e3o Comercial e Empresarial de Guaratinguet\u00e1<br \/>\nRua Marechal Deodoro da Fonseca, 67 &#8211; Centro | Guaratinguet\u00e1\/SP &#8211; 12500-000<\/span><\/p>\n<p>Links:<\/p>\n<p><a href=\"https:\/\/www.facebook.com\/groups\/451217105022630\/?fref=ts\">https:\/\/www.facebook.com\/groups\/451217105022630\/?fref=ts<\/a><\/p>\n<p><a href=\"https:\/\/www.facebook.com\/pages\/Programa-Empreender-Guaratinguet%C3%A1-SP\/354436388043803?fref=ts\">https:\/\/www.facebook.com\/pages\/Programa-Empreender-Guaratinguet%C3%A1-SP\/354436388043803?fref=ts<\/a><\/p>\n<p>&nbsp;<\/p>\n","protected":false},"excerpt":{"rendered":"<p>O Programa Empreender surgiu de uma parceria entre a CACB, o SEBRAE e a Associa\u00e7\u00e3o Comercial e Empresarial de Guaratinguet\u00e1.O objetivo do programa \u00e9 apoiar os micro e pequenos empres\u00e1rios. \u00a0Seu m\u00e9todo consiste na cria\u00e7\u00e3o e organiza\u00e7\u00e3o de grupos de empres\u00e1rios pertencentes a um mesmo segmento de mercado. Esses grupos s\u00e3o denominados N\u00facleos Setoriais.\u00a0Cada n\u00facleo [&hellip;]<\/p>\n","protected":false},"author":1,"featured_media":0,"parent":69,"menu_order":0,"comment_status":"closed","ping_status":"closed","template":"","meta":[],"_links":{"self":[{"href":"https:\/\/gomeral.org.br\/index.php?rest_route=\/wp\/v2\/pages\/71"}],"collection":[{"href":"https:\/\/gomeral.org.br\/index.php?rest_route=\/wp\/v2\/pages"}],"about":[{"href":"https:\/\/gomeral.org.br\/index.php?rest_route=\/wp\/v2\/types\/page"}],"author":[{"embeddable":true,"href":"https:\/\/gomeral.org.br\/index.php?rest_route=\/wp\/v2\/users\/1"}],"replies":[{"embeddable":true,"href":"https:\/\/gomeral.org.br\/index.php?rest_route=%2Fwp%2Fv2%2Fcomments&post=71"}],"version-history":[{"count":5,"href":"https:\/\/gomeral.org.br\/index.php?rest_route=\/wp\/v2\/pages\/71\/revisions"}],"predecessor-version":[{"id":145,"href":"https:\/\/gomeral.org.br\/index.php?rest_route=\/wp\/v2\/pages\/71\/revisions\/145"}],"up":[{"embeddable":true,"href":"https:\/\/gomeral.org.br\/index.php?rest_route=\/wp\/v2\/pages\/69"}],"wp:attachment":[{"href":"https:\/\/gomeral.org.br\/index.php?rest_route=%2Fwp%2Fv2%2Fmedia&parent=71"}],"curies":[{"name":"wp","href":"https:\/\/api.w.org\/{rel}","templated":true}]}}