{"id":6,"date":"2014-07-06T14:31:32","date_gmt":"2014-07-06T14:31:32","guid":{"rendered":"http:\/\/gomeral.org.br\/?page_id=6"},"modified":"2016-05-19T00:50:32","modified_gmt":"2016-05-19T00:50:32","slug":"sobre-a-aag","status":"publish","type":"page","link":"https:\/\/gomeral.org.br\/?page_id=6","title":{"rendered":"SOBRE"},"content":{"rendered":"<p style=\"text-align: justify;\">A Associa\u00e7\u00e3o de Amigos do Gomeral, AAG Gomeral, \u00e9 uma associa\u00e7\u00e3o civil de direito privado, sem fins econ\u00f4micos, de finalidade Social, Desportiva e Cultural, cujos objetivos s\u00e3o os seguintes:<\/p>\n<p style=\"text-align: justify;\">I &#8211; Buscar melhorias de condi\u00e7\u00f5es de vida de seus associados e promover a assist\u00eancia social;<br \/>\nII &#8211; Defender a propugnar por todos os meios legais, pelos interesses e pelas reivindica\u00e7\u00f5es junto aos \u00f3rg\u00e3os e institui\u00e7\u00f5es competentes ou coordenar a\u00e7\u00f5es coletivas dos associados, dentro e fora da cidade de Guaratinguet\u00e1;<br \/>\nIII &#8211; Desenvolver a manter, assim como fundar \u00f3rg\u00e3os sociais, esportivos e culturais, recreativos e de assist\u00eancia social, em favor dos moradores do bairro do Gomeral;<br \/>\nIV &#8211; Contratar quando necess\u00e1rio o servi\u00e7o de profissionais para a defesa de quest\u00f5es de interesse da associa\u00e7\u00e3o e dos moradores do bairro do Gomeral;<br \/>\nV &#8211; Promover a cultura, a defesa e a conserva\u00e7\u00e3o do patrim\u00f4nio hist\u00f3rico e art\u00edstico;<br \/>\nVI &#8211; Promover a defesa, a preserva\u00e7\u00e3o e a conserva\u00e7\u00e3o do meio ambiente;<br \/>\nVII &#8211; Promover o desenvolvimento econ\u00f4mico e social de maneira sustent\u00e1vel;<br \/>\nVIII &#8211; Preservar e melhorar as condi\u00e7\u00f5es das estradas e do transporte coletivo;<br \/>\nIX &#8211; Preservar e melhorar as condi\u00e7\u00f5es de comunica\u00e7\u00e3o, especialmente da rede telef\u00f4nica, e promover a inclus\u00e3o da Rede Mundial de Computadores;<br \/>\nX &#8211; Preservar e melhorar as condi\u00e7\u00f5es da educa\u00e7\u00e3o, da assist\u00eancia m\u00e9dica e odontol\u00f3gica;<br \/>\nXI &#8211; Promover estudos e pesquisas, desenvolvimento de tecnologias alternativas, produ\u00e7\u00e3o e divulga\u00e7\u00e3o de informa\u00e7\u00f5es e conhecimentos t\u00e9cnicos e cient\u00edficos, que digam respeito \u00e0s atividades mencionadas neste artigo.<\/p>\n<p style=\"text-align: justify;\">Fonte: Estatuto da Associa\u00e7\u00e3o de Amigos do Gomeral, Artigo 1\u00ba.<\/p>\n<p style=\"text-align: justify;\">Atual composi\u00e7\u00e3o da Diretoria (2015-2019):<\/p>\n<p style=\"text-align: justify;\"><strong>\u201cChapa 1 \u2013 Renovar Para Mobilizar\u201d<\/strong><\/p>\n<p style=\"text-align: justify;\"><a href=\"http:\/\/gomeral.org.br\/wp-content\/uploads\/2014\/07\/CHAPA-1-RENOVAR-PARA-MOBILIZAR.jpg\"><img decoding=\"async\" loading=\"lazy\" class=\"alignnone size-full wp-image-266\" src=\"http:\/\/gomeral.org.br\/wp-content\/uploads\/2014\/07\/CHAPA-1-RENOVAR-PARA-MOBILIZAR.jpg\" alt=\"CHAPA 1 - RENOVAR PARA MOBILIZAR\" width=\"960\" height=\"720\" srcset=\"https:\/\/gomeral.org.br\/wp-content\/uploads\/2014\/07\/CHAPA-1-RENOVAR-PARA-MOBILIZAR.jpg 960w, https:\/\/gomeral.org.br\/wp-content\/uploads\/2014\/07\/CHAPA-1-RENOVAR-PARA-MOBILIZAR-300x225.jpg 300w\" sizes=\"(max-width: 960px) 100vw, 960px\" \/><\/a><\/p>\n<p style=\"text-align: justify;\">Presidente: <strong>Rog\u00e9rio Rabelo da Encarna\u00e7\u00e3o\u00a0<\/strong><\/p>\n<p style=\"text-align: justify;\">Vice Presidente: <strong>Lucia Helena Espindola Espindola<\/strong><\/p>\n<p style=\"text-align: justify;\">1\u00ba Tesoureiro:\u00a0<strong>Maria Neumana\u00a0Bernardino Monteiro Gomes<\/strong><\/p>\n<p style=\"text-align: justify;\">2\u00ba Tesoureiro:\u00a0<strong>Romilda Aparecida Siqueira Ara\u00fajo<\/strong><\/p>\n<p style=\"text-align: justify;\">1\u00ba Secret\u00e1rio: \u00a0<strong>Valdete Aparecida Soares de Oliveira<\/strong><\/p>\n<p style=\"text-align: justify;\">2\u00ba Secret\u00e1rio: <strong>Lucylene Regina Rangel Credidio<\/strong><\/p>\n<p style=\"text-align: justify;\">1\u00ba Fiscal: <strong>Rosalice Galv\u00e3o Filippo Fernandes\u00a0<\/strong><\/p>\n<p style=\"text-align: justify;\">2\u00ba Fiscal:\u00a0<strong>Maria Alice Chiaradia<\/strong><\/p>\n<p style=\"text-align: justify;\">3\u00ba Fiscal:\u00a0<strong>Rosa dos Santos Chiaradia<\/strong><\/p>\n","protected":false},"excerpt":{"rendered":"<p>A Associa\u00e7\u00e3o de Amigos do Gomeral, AAG Gomeral, \u00e9 uma associa\u00e7\u00e3o civil de direito privado, sem fins econ\u00f4micos, de finalidade Social, Desportiva e Cultural, cujos objetivos s\u00e3o os seguintes: I &#8211; Buscar melhorias de condi\u00e7\u00f5es de vida de seus associados e promover a assist\u00eancia social; II &#8211; Defender a propugnar por todos os meios legais, [&hellip;]<\/p>\n","protected":false},"author":1,"featured_media":0,"parent":0,"menu_order":1,"comment_status":"closed","ping_status":"closed","template":"","meta":[],"_links":{"self":[{"href":"https:\/\/gomeral.org.br\/index.php?rest_route=\/wp\/v2\/pages\/6"}],"collection":[{"href":"https:\/\/gomeral.org.br\/index.php?rest_route=\/wp\/v2\/pages"}],"about":[{"href":"https:\/\/gomeral.org.br\/index.php?rest_route=\/wp\/v2\/types\/page"}],"author":[{"embeddable":true,"href":"https:\/\/gomeral.org.br\/index.php?rest_route=\/wp\/v2\/users\/1"}],"replies":[{"embeddable":true,"href":"https:\/\/gomeral.org.br\/index.php?rest_route=%2Fwp%2Fv2%2Fcomments&post=6"}],"version-history":[{"count":6,"href":"https:\/\/gomeral.org.br\/index.php?rest_route=\/wp\/v2\/pages\/6\/revisions"}],"predecessor-version":[{"id":269,"href":"https:\/\/gomeral.org.br\/index.php?rest_route=\/wp\/v2\/pages\/6\/revisions\/269"}],"wp:attachment":[{"href":"https:\/\/gomeral.org.br\/index.php?rest_route=%2Fwp%2Fv2%2Fmedia&parent=6"}],"curies":[{"name":"wp","href":"https:\/\/api.w.org\/{rel}","templated":true}]}}