{"id":36,"date":"2014-07-06T20:54:42","date_gmt":"2014-07-06T20:54:42","guid":{"rendered":"http:\/\/gomeral.org.br\/?page_id=36"},"modified":"2015-06-29T01:13:06","modified_gmt":"2015-06-29T01:13:06","slug":"conapam","status":"publish","type":"page","link":"https:\/\/gomeral.org.br\/?page_id=36","title":{"rendered":"CONAPAM"},"content":{"rendered":"<div id=\"attachment_131\" style=\"width: 970px\" class=\"wp-caption alignnone\"><a href=\"http:\/\/gomeral.org.br\/wp-content\/uploads\/2014\/07\/Posse-Conselho-do-CONAPAM.jpg\"><img aria-describedby=\"caption-attachment-131\" decoding=\"async\" loading=\"lazy\" class=\"size-full wp-image-131\" src=\"http:\/\/gomeral.org.br\/wp-content\/uploads\/2014\/07\/Posse-Conselho-do-CONAPAM.jpg\" alt=\"1\u00ba Reuni\u00e3o e posse do CONAPAM em 2013\" width=\"960\" height=\"640\" srcset=\"https:\/\/gomeral.org.br\/wp-content\/uploads\/2014\/07\/Posse-Conselho-do-CONAPAM.jpg 960w, https:\/\/gomeral.org.br\/wp-content\/uploads\/2014\/07\/Posse-Conselho-do-CONAPAM-300x200.jpg 300w\" sizes=\"(max-width: 960px) 100vw, 960px\" \/><\/a><p id=\"caption-attachment-131\" class=\"wp-caption-text\">1\u00ba Reuni\u00e3o e posse do CONAPAM em 2013<\/p><\/div>\n<p>Regimento Interno do Conselho Consultivo da \u00c1rea de Prote\u00e7\u00e3o Ambiental da Serra da Mantiqueira.<\/p>\n<p>Art. 1\u00ba \u2013 O Conselho Consultivo da \u00c1rea de Prote\u00e7\u00e3o Ambiental da Serra da mantiqueira \u00e9 \u00f3rg\u00e3o institu\u00eddo pela Portaria n.\u00ba 49\/04 \u2013 N, de 07 de maio de 2004, regido pela Lei n.\u00ba 9.985, de 18 de julho de 2000, pelo Decreto n.\u00ba 4.340, de 22 de agosto de 2002.<\/p>\n<p>Art. 2\u00ba \u2013 O conselho \u00e9 \u00f3rg\u00e3o colegiado, de car\u00e1ter consultivo e integrante da estrutura de gest\u00e3o da APASM.<\/p>\n<p>Art. 9\u00ba \u2013 Compete aos membros do plen\u00e1rio do conselho:<br \/>\nI \u2013 comparecer \u00e0s reuni\u00f5es, quando convocado com a anteced\u00eancia de m\u00ednima de quinze dias;<br \/>\nII \u2013 orientar, acompanhar e executar programas, projetos e atividades de interesse da gest\u00e3o socioambiental da unidade;<br \/>\nIII \u2013 debater e votar as mat\u00e9rias em discuss\u00e3o, podendo emitir relat\u00f3rios e proposi\u00e7\u00f5es;<br \/>\nIV \u2013 requerer informa\u00e7\u00f5es, provid\u00eancias e esclarecimentos ao presidente e \u00e0 secretaria executiva;<br \/>\nV \u2013 pedir vistas a processos e documentos pertinentes \u00e0 APA da Serra da Mantiqueira;<br \/>\nVI \u2013 criar e extinguir grupos de trabalho e c\u00e2maras t\u00e9cnicas;<br \/>\nVII \u2013 propor a\u00e7\u00f5es, temas e assuntos para discuss\u00e3o nas reuni\u00f5es ordin\u00e1rias e extraordin\u00e1rias;<br \/>\nVIII \u2013 alterar este regimento;<br \/>\nIX \u2013 zelar pela \u00e9tica do conselho; e<br \/>\nX- cumprir e fazer cumprir as normas deste regimento.<\/p>\n<p>O Regimento pode ser consultado na integra no link abaixo:<\/p>\n<p><a href=\"https:\/\/www.facebook.com\/groups\/527135867364071\/?fref=ts\">https:\/\/www.facebook.com\/groups\/527135867364071\/?fref=ts<\/a><\/p>\n","protected":false},"excerpt":{"rendered":"<p>Regimento Interno do Conselho Consultivo da \u00c1rea de Prote\u00e7\u00e3o Ambiental da Serra da Mantiqueira. Art. 1\u00ba \u2013 O Conselho Consultivo da \u00c1rea de Prote\u00e7\u00e3o Ambiental da Serra da mantiqueira \u00e9 \u00f3rg\u00e3o institu\u00eddo pela Portaria n.\u00ba 49\/04 \u2013 N, de 07 de maio de 2004, regido pela Lei n.\u00ba 9.985, de 18 de julho de 2000, [&hellip;]<\/p>\n","protected":false},"author":1,"featured_media":0,"parent":26,"menu_order":0,"comment_status":"closed","ping_status":"closed","template":"","meta":[],"_links":{"self":[{"href":"https:\/\/gomeral.org.br\/index.php?rest_route=\/wp\/v2\/pages\/36"}],"collection":[{"href":"https:\/\/gomeral.org.br\/index.php?rest_route=\/wp\/v2\/pages"}],"about":[{"href":"https:\/\/gomeral.org.br\/index.php?rest_route=\/wp\/v2\/types\/page"}],"author":[{"embeddable":true,"href":"https:\/\/gomeral.org.br\/index.php?rest_route=\/wp\/v2\/users\/1"}],"replies":[{"embeddable":true,"href":"https:\/\/gomeral.org.br\/index.php?rest_route=%2Fwp%2Fv2%2Fcomments&post=36"}],"version-history":[{"count":4,"href":"https:\/\/gomeral.org.br\/index.php?rest_route=\/wp\/v2\/pages\/36\/revisions"}],"predecessor-version":[{"id":135,"href":"https:\/\/gomeral.org.br\/index.php?rest_route=\/wp\/v2\/pages\/36\/revisions\/135"}],"up":[{"embeddable":true,"href":"https:\/\/gomeral.org.br\/index.php?rest_route=\/wp\/v2\/pages\/26"}],"wp:attachment":[{"href":"https:\/\/gomeral.org.br\/index.php?rest_route=%2Fwp%2Fv2%2Fmedia&parent=36"}],"curies":[{"name":"wp","href":"https:\/\/api.w.org\/{rel}","templated":true}]}}