{"id":32,"date":"2014-07-06T20:53:19","date_gmt":"2014-07-06T20:53:19","guid":{"rendered":"http:\/\/gomeral.org.br\/?page_id=32"},"modified":"2016-05-20T14:00:24","modified_gmt":"2016-05-20T14:00:24","slug":"5-arraia-da-aag-gomeral","status":"publish","type":"page","link":"https:\/\/gomeral.org.br\/?page_id=32","title":{"rendered":"Arrai\u00e1 do Gomeral"},"content":{"rendered":"<p><a href=\"http:\/\/gomeral.org.br\/wp-content\/uploads\/2015\/07\/Arra\u00eda-do-Gomeral.jpg\"><img decoding=\"async\" loading=\"lazy\" class=\"alignnone size-full wp-image-213\" src=\"http:\/\/gomeral.org.br\/wp-content\/uploads\/2015\/07\/Arra\u00eda-do-Gomeral.jpg\" alt=\"Arra\u00eda do Gomeral\" width=\"640\" height=\"480\" srcset=\"https:\/\/gomeral.org.br\/wp-content\/uploads\/2015\/07\/Arra\u00eda-do-Gomeral.jpg 640w, https:\/\/gomeral.org.br\/wp-content\/uploads\/2015\/07\/Arra\u00eda-do-Gomeral-300x225.jpg 300w\" sizes=\"(max-width: 640px) 100vw, 640px\" \/><\/a><\/p>\n<p style=\"text-align: justify;\">A festa Junina \u201cArrai\u00e1 do\u00a0Gomeral\u201d \u00e9 promovida pela Associa\u00e7\u00e3o de Amigos do Gomeral, empreendedores associados e parceiros. Este evento, que conta com o envolvimento da comunidade e apoiadores, tem ganhado p\u00fablico e visibilidade ao longo destes anos. O evento tem por finalidade promover o bairro e tamb\u00e9m a preserva\u00e7\u00e3o da cultura local, al\u00e9m de angariar fundos para financiar os projetos mantidos pela AAG Gomeral.<\/p>\n<p>&nbsp;<\/p>\n<p>&nbsp;<\/p>\n","protected":false},"excerpt":{"rendered":"<p>A festa Junina \u201cArrai\u00e1 do\u00a0Gomeral\u201d \u00e9 promovida pela Associa\u00e7\u00e3o de Amigos do Gomeral, empreendedores associados e parceiros. Este evento, que conta com o envolvimento da comunidade e apoiadores, tem ganhado p\u00fablico e visibilidade ao longo destes anos. O evento tem por finalidade promover o bairro e tamb\u00e9m a preserva\u00e7\u00e3o da cultura local, al\u00e9m de angariar [&hellip;]<\/p>\n","protected":false},"author":1,"featured_media":0,"parent":20,"menu_order":0,"comment_status":"closed","ping_status":"closed","template":"","meta":[],"_links":{"self":[{"href":"https:\/\/gomeral.org.br\/index.php?rest_route=\/wp\/v2\/pages\/32"}],"collection":[{"href":"https:\/\/gomeral.org.br\/index.php?rest_route=\/wp\/v2\/pages"}],"about":[{"href":"https:\/\/gomeral.org.br\/index.php?rest_route=\/wp\/v2\/types\/page"}],"author":[{"embeddable":true,"href":"https:\/\/gomeral.org.br\/index.php?rest_route=\/wp\/v2\/users\/1"}],"replies":[{"embeddable":true,"href":"https:\/\/gomeral.org.br\/index.php?rest_route=%2Fwp%2Fv2%2Fcomments&post=32"}],"version-history":[{"count":20,"href":"https:\/\/gomeral.org.br\/index.php?rest_route=\/wp\/v2\/pages\/32\/revisions"}],"predecessor-version":[{"id":281,"href":"https:\/\/gomeral.org.br\/index.php?rest_route=\/wp\/v2\/pages\/32\/revisions\/281"}],"up":[{"embeddable":true,"href":"https:\/\/gomeral.org.br\/index.php?rest_route=\/wp\/v2\/pages\/20"}],"wp:attachment":[{"href":"https:\/\/gomeral.org.br\/index.php?rest_route=%2Fwp%2Fv2%2Fmedia&parent=32"}],"curies":[{"name":"wp","href":"https:\/\/api.w.org\/{rel}","templated":true}]}}