{"id":217,"date":"2015-08-17T02:17:08","date_gmt":"2015-08-17T02:17:08","guid":{"rendered":"http:\/\/gomeral.org.br\/?page_id=217"},"modified":"2016-11-05T23:56:22","modified_gmt":"2016-11-05T23:56:22","slug":"plano-diretor-de-guaratingueta-projeto-de-lei","status":"publish","type":"page","link":"https:\/\/gomeral.org.br\/?page_id=217","title":{"rendered":"Plano Diretor de Guaratinguet\u00e1 &#8211; Projeto de Lei"},"content":{"rendered":"<p><a href=\"http:\/\/gomeral.org.br\/wp-content\/uploads\/2015\/08\/1460187_739317962827626_50697587641068998_n.jpg\"><img decoding=\"async\" loading=\"lazy\" class=\"alignnone size-full wp-image-225\" src=\"http:\/\/gomeral.org.br\/wp-content\/uploads\/2015\/08\/1460187_739317962827626_50697587641068998_n.jpg\" alt=\"1460187_739317962827626_50697587641068998_n\" width=\"552\" height=\"373\" srcset=\"https:\/\/gomeral.org.br\/wp-content\/uploads\/2015\/08\/1460187_739317962827626_50697587641068998_n.jpg 552w, https:\/\/gomeral.org.br\/wp-content\/uploads\/2015\/08\/1460187_739317962827626_50697587641068998_n-300x203.jpg 300w\" sizes=\"(max-width: 552px) 100vw, 552px\" \/><\/a><\/p>\n<p>&nbsp;<\/p>\n<p>Foto: Prefeitura Municipal de Guaratinguet\u00e1<\/p>\n<p>Abaixo disponibilizamos os Projetos de Lei do Plano Diretor em tramita\u00e7\u00e3o na C\u00e2mara Municipal de Guaratinguet\u00e1.<\/p>\n<p><a href=\"http:\/\/www.splonline.com.br\/camaraguaratingueta\/processo.aspx?id=122867&amp;termo=plano+diretor\">PROJETO DE LEI COMPLEMENTAR EXECUTIVO 2\/2015<\/a>\u00a0(Reprovado e arquivado)<\/p>\n<p><a href=\"http:\/\/www.splonline.com.br\/camaraguaratingueta\/processo.aspx?id=125945&amp;termo=plano+diretor\">PROJETO DE LEI COMPLEMENTAR EXECUTIVO 1\/2016<\/a>\u00a0(Em tramita\u00e7\u00e3o)<\/p>\n<p>&nbsp;<\/p>\n","protected":false},"excerpt":{"rendered":"<p>&nbsp; Foto: Prefeitura Municipal de Guaratinguet\u00e1 Abaixo disponibilizamos os Projetos de Lei do Plano Diretor em tramita\u00e7\u00e3o na C\u00e2mara Municipal de Guaratinguet\u00e1. PROJETO DE LEI COMPLEMENTAR EXECUTIVO 2\/2015\u00a0(Reprovado e arquivado) PROJETO DE LEI COMPLEMENTAR EXECUTIVO 1\/2016\u00a0(Em tramita\u00e7\u00e3o) &nbsp;<\/p>\n","protected":false},"author":1,"featured_media":0,"parent":26,"menu_order":0,"comment_status":"open","ping_status":"open","template":"","meta":[],"_links":{"self":[{"href":"https:\/\/gomeral.org.br\/index.php?rest_route=\/wp\/v2\/pages\/217"}],"collection":[{"href":"https:\/\/gomeral.org.br\/index.php?rest_route=\/wp\/v2\/pages"}],"about":[{"href":"https:\/\/gomeral.org.br\/index.php?rest_route=\/wp\/v2\/types\/page"}],"author":[{"embeddable":true,"href":"https:\/\/gomeral.org.br\/index.php?rest_route=\/wp\/v2\/users\/1"}],"replies":[{"embeddable":true,"href":"https:\/\/gomeral.org.br\/index.php?rest_route=%2Fwp%2Fv2%2Fcomments&post=217"}],"version-history":[{"count":8,"href":"https:\/\/gomeral.org.br\/index.php?rest_route=\/wp\/v2\/pages\/217\/revisions"}],"predecessor-version":[{"id":291,"href":"https:\/\/gomeral.org.br\/index.php?rest_route=\/wp\/v2\/pages\/217\/revisions\/291"}],"up":[{"embeddable":true,"href":"https:\/\/gomeral.org.br\/index.php?rest_route=\/wp\/v2\/pages\/26"}],"wp:attachment":[{"href":"https:\/\/gomeral.org.br\/index.php?rest_route=%2Fwp%2Fv2%2Fmedia&parent=217"}],"curies":[{"name":"wp","href":"https:\/\/api.w.org\/{rel}","templated":true}]}}