{"id":105,"date":"2014-07-09T17:38:48","date_gmt":"2014-07-09T17:38:48","guid":{"rendered":"http:\/\/gomeral.org.br\/?page_id=105"},"modified":"2017-01-22T02:40:41","modified_gmt":"2017-01-22T02:40:41","slug":"restaurantes-e-pousadas","status":"publish","type":"page","link":"https:\/\/gomeral.org.br\/?page_id=105","title":{"rendered":"Restaurantes e Pousadas"},"content":{"rendered":"<p style=\"text-align: justify;\">Confira a localiza\u00e7\u00e3o e acesse as p\u00e1ginas dos Restaurantes e Pousadas do bairro do Gomeral e regi\u00e3o atrav\u00e9s do portal TRIP Rural do Vale do Para\u00edba ou atrav\u00e9s do <a href=\"https:\/\/drive.google.com\/file\/d\/0B3QTltYDHzGgb1VTYmZOM01UNTA\/view?usp=sharing\">Cat\u00e1logo Virtual SEBRAE do Circuito Tur\u00edstico Religioso.<\/a><\/p>\n<p><iframe loading=\"lazy\" src=\"https:\/\/www.google.com\/maps\/d\/embed?mid=ze3cleVPfVPU.kzx2sBbHuZYk&amp;hl=pt-BR\" width=\"640\" height=\"480\"><\/iframe><\/p>\n<p>Restaurantes associados:<\/p>\n<p>Pousada 7 Nascentes<br \/>\nPousada e Restaurante Al\u00e9m das Nuvens<br \/>\nPousada e Restaurante Monte Verde<br \/>\nPousada Donana<br \/>\nRestaurante Gomeral<br \/>\nRestaurante Cheiro da Serra<br \/>\nRestaurante Parada da Serra<br \/>\nRestaurante Porto da Serra<br \/>\nRestaurante Rancho Chiaradia<br \/>\nTruticultura Fazenda da Serra<br \/>\nTrutaria Bela Vista Restaurante e Pesc-Pague<\/p>\n<p><a href=\"http:\/\/gomeral.org.br\/wp-content\/uploads\/2014\/07\/Cat\u00e1logo-Sebrae-Circuito-Tur\u00edstico-Religioso1.png\"><img decoding=\"async\" loading=\"lazy\" class=\"alignnone size-full wp-image-309\" src=\"http:\/\/gomeral.org.br\/wp-content\/uploads\/2014\/07\/Cat\u00e1logo-Sebrae-Circuito-Tur\u00edstico-Religioso1.png\" alt=\"Cat\u00e1logo Sebrae Circuito Tur\u00edstico Religioso\" width=\"575\" height=\"767\" srcset=\"https:\/\/gomeral.org.br\/wp-content\/uploads\/2014\/07\/Cat\u00e1logo-Sebrae-Circuito-Tur\u00edstico-Religioso1.png 575w, https:\/\/gomeral.org.br\/wp-content\/uploads\/2014\/07\/Cat\u00e1logo-Sebrae-Circuito-Tur\u00edstico-Religioso1-225x300.png 225w\" sizes=\"(max-width: 575px) 100vw, 575px\" \/><\/a><\/p>\n<p>&nbsp;<\/p>\n<p style=\"text-align: center;\"><a href=\"https:\/\/drive.google.com\/file\/d\/0B3QTltYDHzGgb1VTYmZOM01UNTA\/view?usp=sharing\" target=\"_blank\">Cat\u00e1logo Virtual SEBRAE do Circuito Tur\u00edstico Religioso.<\/a><\/p>\n<p>&nbsp;<\/p>\n","protected":false},"excerpt":{"rendered":"<p>Confira a localiza\u00e7\u00e3o e acesse as p\u00e1ginas dos Restaurantes e Pousadas do bairro do Gomeral e regi\u00e3o atrav\u00e9s do portal TRIP Rural do Vale do Para\u00edba ou atrav\u00e9s do Cat\u00e1logo Virtual SEBRAE do Circuito Tur\u00edstico Religioso. Restaurantes associados: Pousada 7 Nascentes Pousada e Restaurante Al\u00e9m das Nuvens Pousada e Restaurante Monte Verde Pousada Donana Restaurante [&hellip;]<\/p>\n","protected":false},"author":1,"featured_media":0,"parent":0,"menu_order":5,"comment_status":"closed","ping_status":"closed","template":"","meta":[],"_links":{"self":[{"href":"https:\/\/gomeral.org.br\/index.php?rest_route=\/wp\/v2\/pages\/105"}],"collection":[{"href":"https:\/\/gomeral.org.br\/index.php?rest_route=\/wp\/v2\/pages"}],"about":[{"href":"https:\/\/gomeral.org.br\/index.php?rest_route=\/wp\/v2\/types\/page"}],"author":[{"embeddable":true,"href":"https:\/\/gomeral.org.br\/index.php?rest_route=\/wp\/v2\/users\/1"}],"replies":[{"embeddable":true,"href":"https:\/\/gomeral.org.br\/index.php?rest_route=%2Fwp%2Fv2%2Fcomments&post=105"}],"version-history":[{"count":15,"href":"https:\/\/gomeral.org.br\/index.php?rest_route=\/wp\/v2\/pages\/105\/revisions"}],"predecessor-version":[{"id":198,"href":"https:\/\/gomeral.org.br\/index.php?rest_route=\/wp\/v2\/pages\/105\/revisions\/198"}],"wp:attachment":[{"href":"https:\/\/gomeral.org.br\/index.php?rest_route=%2Fwp%2Fv2%2Fmedia&parent=105"}],"curies":[{"name":"wp","href":"https:\/\/api.w.org\/{rel}","templated":true}]}}