{"id":248,"date":"2015-09-07T03:34:10","date_gmt":"2015-09-07T03:34:10","guid":{"rendered":"http:\/\/gomeral.org.br\/?page_id=248"},"modified":"2015-09-07T03:34:10","modified_gmt":"2015-09-07T03:34:10","slug":"bairro-do-gomeral","status":"publish","type":"page","link":"http:\/\/gomeral.org.br\/?page_id=248","title":{"rendered":"Bairro do Gomeral"},"content":{"rendered":"<p style=\"text-align: justify;\">Distante 30 km do centro de Guaratinguet\u00e1 e 20 km do Parque Estadual\u00a0de Campos do Jord\u00e3o, com altitudes entre 800 e 1.900 metros, o bairro\u00a0do Gomeral \u00e9 uma excelente op\u00e7\u00e3o para os amantes da natureza.<br \/>\nEm meio \u00e0 \u00c1rea de Prote\u00e7\u00e3o Ambiental Nacional da Serra da Mantiqueira,\u00a0com seus cursos d\u2019\u00e1gua, piscinas naturais e cachoeiras, o bairro \u00e9\u00a0considerado regi\u00e3o estrat\u00e9gica para a conserva\u00e7\u00e3o dos recursos\u00a0h\u00eddricos, florestais e tur\u00edsticos do Vale do Para\u00edba.<br \/>\nA encantadora beleza da paisagem de altas montanhas e seus profundos\u00a0vales no cora\u00e7\u00e3o da exuberante Mata Atl\u00e2ntica, fazem do Gomeral, um\u00a0importante polo de ecoturismo (rural e de aventura).<br \/>\nTamb\u00e9m se destaca como rota de Turismo Religioso com a passagem de\u00a0milhares de romeiros e peregrinos rumo aos Santu\u00e1rios de Nossa Senhora\u00a0Aparecida e Santo Frei Galv\u00e3o.<br \/>\nA boa gastronomia \u00e9 garantida com restaurantes especializados em<br \/>\ntrutas, \u00a0cogumelos shiitake e comidas caipiras. H\u00e1 tamb\u00e9m\u00a0algumas pousadas e v\u00e1rios eventos durante todo o ano, como o Festival da Truta do Gomeral, que atrai aproximadamente 12.000 visitantes em tr\u00eas dias de Festival, sendo considerado um dos mais renomados em toda a regi\u00e3o.<\/p>\n<p style=\"text-align: justify;\"><a href=\"http:\/\/gomeral.org.br\/wp-content\/uploads\/2015\/09\/DSCF5919.jpg\"><img decoding=\"async\" loading=\"lazy\" class=\"alignnone size-large wp-image-250\" src=\"http:\/\/gomeral.org.br\/wp-content\/uploads\/2015\/09\/DSCF5919-1024x768.jpg\" alt=\"DSCF5919\" width=\"474\" height=\"356\" srcset=\"http:\/\/gomeral.org.br\/wp-content\/uploads\/2015\/09\/DSCF5919-1024x768.jpg 1024w, http:\/\/gomeral.org.br\/wp-content\/uploads\/2015\/09\/DSCF5919-300x225.jpg 300w\" sizes=\"(max-width: 474px) 100vw, 474px\" \/><\/a><br \/>\nEntre os mais de 20 atrativos do bairro, merecem destaque a Cachoeira\u00a0da On\u00e7a; a Trilha da Pedra Grande; o Vale Encantado e a Pedra do\u00a0Macaco.<\/p>\n","protected":false},"excerpt":{"rendered":"<p>Distante 30 km do centro de Guaratinguet\u00e1 e 20 km do Parque Estadual\u00a0de Campos do Jord\u00e3o, com altitudes entre 800 e 1.900 metros, o bairro\u00a0do Gomeral \u00e9 uma excelente op\u00e7\u00e3o para os amantes da natureza. Em meio \u00e0 \u00c1rea de Prote\u00e7\u00e3o Ambiental Nacional da Serra da Mantiqueira,\u00a0com seus cursos d\u2019\u00e1gua, piscinas naturais e cachoeiras, o [&hellip;]<\/p>\n","protected":false},"author":1,"featured_media":0,"parent":0,"menu_order":0,"comment_status":"open","ping_status":"open","template":"","meta":[],"_links":{"self":[{"href":"http:\/\/gomeral.org.br\/index.php?rest_route=\/wp\/v2\/pages\/248"}],"collection":[{"href":"http:\/\/gomeral.org.br\/index.php?rest_route=\/wp\/v2\/pages"}],"about":[{"href":"http:\/\/gomeral.org.br\/index.php?rest_route=\/wp\/v2\/types\/page"}],"author":[{"embeddable":true,"href":"http:\/\/gomeral.org.br\/index.php?rest_route=\/wp\/v2\/users\/1"}],"replies":[{"embeddable":true,"href":"http:\/\/gomeral.org.br\/index.php?rest_route=%2Fwp%2Fv2%2Fcomments&post=248"}],"version-history":[{"count":1,"href":"http:\/\/gomeral.org.br\/index.php?rest_route=\/wp\/v2\/pages\/248\/revisions"}],"predecessor-version":[{"id":251,"href":"http:\/\/gomeral.org.br\/index.php?rest_route=\/wp\/v2\/pages\/248\/revisions\/251"}],"wp:attachment":[{"href":"http:\/\/gomeral.org.br\/index.php?rest_route=%2Fwp%2Fv2%2Fmedia&parent=248"}],"curies":[{"name":"wp","href":"https:\/\/api.w.org\/{rel}","templated":true}]}}